{"id":776,"date":"2023-02-16T16:36:32","date_gmt":"2023-02-16T15:36:32","guid":{"rendered":"https:\/\/oddleaf.net\/?page_id=776"},"modified":"2024-11-15T12:43:04","modified_gmt":"2024-11-15T11:43:04","slug":"oddleaf-progarchives","status":"publish","type":"page","link":"https:\/\/oddleaf.net\/fr\/oddleaf-progarchives\/","title":{"rendered":"Archives"},"content":{"rendered":"<p>[et_pb_section fb_built=&#8221;1&#8243; custom_padding_last_edited=&#8221;on|phone&#8221; admin_label=&#8221;News&#8221; _builder_version=&#8221;4.16&#8243; _module_preset=&#8221;default&#8221; background_color=&#8221;#2d2d2d&#8221; custom_padding=&#8221;26px||26px||true|false&#8221; custom_padding_tablet=&#8221;2px||2px||true|false&#8221; custom_padding_phone=&#8221;30px||30px||true|false&#8221; collapsed=&#8221;off&#8221; global_colors_info=&#8221;{}&#8221;][et_pb_row custom_padding_last_edited=&#8221;on|phone&#8221; admin_label=&#8221;News&#8221; _builder_version=&#8221;4.16&#8243; _module_preset=&#8221;default&#8221; background_color=&#8221;RGBA(0,0,0,0)&#8221; custom_margin=&#8221;0px|auto|0px|auto|false|false&#8221; custom_padding=&#8221;0px|0px|2px|0px|false|false&#8221; custom_padding_tablet=&#8221;&#8221; custom_padding_phone=&#8221;|0px|0px|0px|false|false&#8221; hover_enabled=&#8221;0&#8243; global_colors_info=&#8221;{}&#8221; sticky_enabled=&#8221;0&#8243;][et_pb_column type=&#8221;4_4&#8243; _builder_version=&#8221;4.16&#8243; _module_preset=&#8221;default&#8221; global_colors_info=&#8221;{}&#8221;][et_pb_text admin_label=&#8221;Titre&#8221; _builder_version=&#8221;4.27.0&#8243; _module_preset=&#8221;default&#8221; text_font=&#8221;Amatic SC|700||on|||||&#8221; text_text_color=&#8221;#FFFFFF&#8221; text_font_size=&#8221;61px&#8221; text_line_height=&#8221;1.1em&#8221; background_layout=&#8221;dark&#8221; width=&#8221;100%&#8221; module_alignment=&#8221;center&#8221; custom_margin=&#8221;26px||10px||false|false&#8221; custom_padding=&#8221;|3px|||false|false&#8221; text_font_size_tablet=&#8221;60px&#8221; text_font_size_phone=&#8221;60px&#8221; text_font_size_last_edited=&#8221;on|tablet&#8221; global_colors_info=&#8221;{}&#8221; disabled_on=&#8221;off|off|off&#8221; header_font=&#8221;Amatic SC||||||||&#8221;]<\/p>\n<p>Archives<\/p>\n<p>[\/et_pb_text][et_pb_blog fullwidth=&#8221;off&#8221; posts_number=&#8221;1000&#8243; include_categories=&#8221;25&#8243; meta_date=&#8221;F j, Y&#8221; show_thumbnail=&#8221;off&#8221; show_content=&#8221;on&#8221; show_author=&#8221;off&#8221; show_categories=&#8221;off&#8221; show_pagination=&#8221;off&#8221; masonry_tile_background_color=&#8221;#2d2d2d&#8221; _builder_version=&#8221;4.27.3&#8243; _module_preset=&#8221;default&#8221; body_text_color=&#8221;#E2E2E2&#8243; meta_font=&#8221;|700|||||||&#8221; meta_text_color=&#8221;#e8e8e8&#8243; meta_letter_spacing=&#8221;2px&#8221; body_link_text_color=&#8221;#1ea51c&#8221; background_color=&#8221;#2d2d2d&#8221; custom_margin=&#8221;49px|||||&#8221; animation_style=&#8221;fade&#8221; link_option_url_new_window=&#8221;on&#8221; hover_enabled=&#8221;0&#8243; custom_css_title=&#8221;display: none;&#8221; global_colors_info=&#8221;{}&#8221; sticky_enabled=&#8221;0&#8243;][\/et_pb_blog][\/et_pb_column][\/et_pb_row][\/et_pb_section]<\/p>\n","protected":false},"excerpt":{"rendered":"<p>Archives<\/p>","protected":false},"author":1,"featured_media":0,"parent":0,"menu_order":0,"comment_status":"closed","ping_status":"closed","template":"page-template-blank.php","meta":{"_et_pb_use_builder":"on","_et_pb_old_content":"","_et_gb_content_width":"","footnotes":""},"class_list":["post-776","page","type-page","status-publish","hentry"],"yoast_head":"<!-- This site is optimized with the Yoast SEO plugin v27.4 - https:\/\/yoast.com\/product\/yoast-seo-wordpress\/ -->\n<title>ODDLEAF - New Progressive-Rock Band<\/title>\n<meta name=\"description\" content=\"Oddleaf is a new progressive rock band who follows the tradition of the 70&#039;s Progressive Rock as well as the contemporary music scene.\" \/>\n<meta name=\"robots\" content=\"index, follow, max-snippet:-1, max-image-preview:large, max-video-preview:-1\" \/>\n<link rel=\"canonical\" href=\"https:\/\/oddleaf.net\/fr\/oddleaf-progarchives\/\" \/>\n<meta property=\"og:locale\" content=\"fr_FR\" \/>\n<meta property=\"og:type\" content=\"article\" \/>\n<meta property=\"og:title\" content=\"Progressive rock band - ODDLEAF - First demo OUT !\" \/>\n<meta property=\"og:description\" content=\"Oddleaf est un groupe de rock progressif se pla\u00e7ant, modestement mais non sans ambition, dans la tradition du rock progressif qui s\u2019est depuis ses origines toujours nourri du m\u00e9lange des styles pour aboutir \u00e0 des fusions in\u00e9dites et passionnantes.\" \/>\n<meta property=\"og:url\" content=\"https:\/\/oddleaf.net\/fr\/oddleaf-progarchives\/\" \/>\n<meta property=\"og:site_name\" content=\"Oddleaf\" \/>\n<meta property=\"article:publisher\" content=\"https:\/\/www.facebook.com\/oddleaf.official\/\" \/>\n<meta property=\"article:modified_time\" content=\"2024-11-15T11:43:04+00:00\" \/>\n<meta property=\"og:image\" content=\"https:\/\/oddleaf.net\/wp-content\/uploads\/2024\/09\/screen.webp\" \/>\n\t<meta property=\"og:image:width\" content=\"1200\" \/>\n\t<meta property=\"og:image:height\" content=\"675\" \/>\n\t<meta property=\"og:image:type\" content=\"image\/webp\" \/>\n<meta name=\"twitter:card\" content=\"summary_large_image\" \/>\n<meta name=\"twitter:label1\" content=\"Dur\u00e9e de lecture estim\u00e9e\" \/>\n\t<meta name=\"twitter:data1\" content=\"4 minutes\" \/>\n<script type=\"application\/ld+json\" class=\"yoast-schema-graph\">{\"@context\":\"https:\\\/\\\/schema.org\",\"@graph\":[{\"@type\":\"WebPage\",\"@id\":\"https:\\\/\\\/oddleaf.net\\\/oddleaf-progarchives\\\/\",\"url\":\"https:\\\/\\\/oddleaf.net\\\/oddleaf-progarchives\\\/\",\"name\":\"ODDLEAF - New Progressive-Rock Band\",\"isPartOf\":{\"@id\":\"https:\\\/\\\/oddleaf.net\\\/#website\"},\"datePublished\":\"2023-02-16T15:36:32+00:00\",\"dateModified\":\"2024-11-15T11:43:04+00:00\",\"description\":\"Oddleaf is a new progressive rock band who follows the tradition of the 70's Progressive Rock as well as the contemporary music scene.\",\"breadcrumb\":{\"@id\":\"https:\\\/\\\/oddleaf.net\\\/oddleaf-progarchives\\\/#breadcrumb\"},\"inLanguage\":\"fr-FR\",\"potentialAction\":[{\"@type\":\"ReadAction\",\"target\":[\"https:\\\/\\\/oddleaf.net\\\/oddleaf-progarchives\\\/\"]}]},{\"@type\":\"BreadcrumbList\",\"@id\":\"https:\\\/\\\/oddleaf.net\\\/oddleaf-progarchives\\\/#breadcrumb\",\"itemListElement\":[{\"@type\":\"ListItem\",\"position\":1,\"name\":\"Accueil\",\"item\":\"https:\\\/\\\/oddleaf.net\\\/\"},{\"@type\":\"ListItem\",\"position\":2,\"name\":\"Archives\"}]},{\"@type\":\"WebSite\",\"@id\":\"https:\\\/\\\/oddleaf.net\\\/#website\",\"url\":\"https:\\\/\\\/oddleaf.net\\\/\",\"name\":\"Oddleaf\",\"description\":\"Progressive rock Band\",\"publisher\":{\"@id\":\"https:\\\/\\\/oddleaf.net\\\/#organization\"},\"potentialAction\":[{\"@type\":\"SearchAction\",\"target\":{\"@type\":\"EntryPoint\",\"urlTemplate\":\"https:\\\/\\\/oddleaf.net\\\/?s={search_term_string}\"},\"query-input\":{\"@type\":\"PropertyValueSpecification\",\"valueRequired\":true,\"valueName\":\"search_term_string\"}}],\"inLanguage\":\"fr-FR\"},{\"@type\":\"Organization\",\"@id\":\"https:\\\/\\\/oddleaf.net\\\/#organization\",\"name\":\"Oddleaf - Progressive Rock Band\",\"url\":\"https:\\\/\\\/oddleaf.net\\\/\",\"logo\":{\"@type\":\"ImageObject\",\"inLanguage\":\"fr-FR\",\"@id\":\"https:\\\/\\\/oddleaf.net\\\/#\\\/schema\\\/logo\\\/image\\\/\",\"url\":\"https:\\\/\\\/oddleaf.net\\\/wp-content\\\/uploads\\\/2024\\\/05\\\/TXT-Oddleaf-shadow-SMALL.png\",\"contentUrl\":\"https:\\\/\\\/oddleaf.net\\\/wp-content\\\/uploads\\\/2024\\\/05\\\/TXT-Oddleaf-shadow-SMALL.png\",\"width\":750,\"height\":248,\"caption\":\"Oddleaf - Progressive Rock Band\"},\"image\":{\"@id\":\"https:\\\/\\\/oddleaf.net\\\/#\\\/schema\\\/logo\\\/image\\\/\"},\"sameAs\":[\"https:\\\/\\\/www.facebook.com\\\/oddleaf.official\\\/\",\"https:\\\/\\\/www.youtube.com\\\/@oddleaf-music\",\"https:\\\/\\\/oddleaf.bandcamp.com\\\/\",\"https:\\\/\\\/www.instagram.com\\\/oddleaf.music\\\/\"]}]}<\/script>\n<!-- \/ Yoast SEO plugin. -->","yoast_head_json":{"title":"ODDLEAF - New Progressive-Rock Band","description":"Oddleaf is a new progressive rock band who follows the tradition of the 70's Progressive Rock as well as the contemporary music scene.","robots":{"index":"index","follow":"follow","max-snippet":"max-snippet:-1","max-image-preview":"max-image-preview:large","max-video-preview":"max-video-preview:-1"},"canonical":"https:\/\/oddleaf.net\/fr\/oddleaf-progarchives\/","og_locale":"fr_FR","og_type":"article","og_title":"Progressive rock band - ODDLEAF - First demo OUT !","og_description":"Oddleaf est un groupe de rock progressif se pla\u00e7ant, modestement mais non sans ambition, dans la tradition du rock progressif qui s\u2019est depuis ses origines toujours nourri du m\u00e9lange des styles pour aboutir \u00e0 des fusions in\u00e9dites et passionnantes.","og_url":"https:\/\/oddleaf.net\/fr\/oddleaf-progarchives\/","og_site_name":"Oddleaf","article_publisher":"https:\/\/www.facebook.com\/oddleaf.official\/","article_modified_time":"2024-11-15T11:43:04+00:00","og_image":[{"width":1200,"height":675,"url":"https:\/\/oddleaf.net\/wp-content\/uploads\/2024\/09\/screen.webp","type":"image\/webp"}],"twitter_card":"summary_large_image","twitter_misc":{"Dur\u00e9e de lecture estim\u00e9e":"4 minutes"},"schema":{"@context":"https:\/\/schema.org","@graph":[{"@type":"WebPage","@id":"https:\/\/oddleaf.net\/oddleaf-progarchives\/","url":"https:\/\/oddleaf.net\/oddleaf-progarchives\/","name":"ODDLEAF - New Progressive-Rock Band","isPartOf":{"@id":"https:\/\/oddleaf.net\/#website"},"datePublished":"2023-02-16T15:36:32+00:00","dateModified":"2024-11-15T11:43:04+00:00","description":"Oddleaf is a new progressive rock band who follows the tradition of the 70's Progressive Rock as well as the contemporary music scene.","breadcrumb":{"@id":"https:\/\/oddleaf.net\/oddleaf-progarchives\/#breadcrumb"},"inLanguage":"fr-FR","potentialAction":[{"@type":"ReadAction","target":["https:\/\/oddleaf.net\/oddleaf-progarchives\/"]}]},{"@type":"BreadcrumbList","@id":"https:\/\/oddleaf.net\/oddleaf-progarchives\/#breadcrumb","itemListElement":[{"@type":"ListItem","position":1,"name":"Accueil","item":"https:\/\/oddleaf.net\/"},{"@type":"ListItem","position":2,"name":"Archives"}]},{"@type":"WebSite","@id":"https:\/\/oddleaf.net\/#website","url":"https:\/\/oddleaf.net\/","name":"Oddleaf","description":"Progressive rock Band","publisher":{"@id":"https:\/\/oddleaf.net\/#organization"},"potentialAction":[{"@type":"SearchAction","target":{"@type":"EntryPoint","urlTemplate":"https:\/\/oddleaf.net\/?s={search_term_string}"},"query-input":{"@type":"PropertyValueSpecification","valueRequired":true,"valueName":"search_term_string"}}],"inLanguage":"fr-FR"},{"@type":"Organization","@id":"https:\/\/oddleaf.net\/#organization","name":"Oddleaf - Progressive Rock Band","url":"https:\/\/oddleaf.net\/","logo":{"@type":"ImageObject","inLanguage":"fr-FR","@id":"https:\/\/oddleaf.net\/#\/schema\/logo\/image\/","url":"https:\/\/oddleaf.net\/wp-content\/uploads\/2024\/05\/TXT-Oddleaf-shadow-SMALL.png","contentUrl":"https:\/\/oddleaf.net\/wp-content\/uploads\/2024\/05\/TXT-Oddleaf-shadow-SMALL.png","width":750,"height":248,"caption":"Oddleaf - Progressive Rock Band"},"image":{"@id":"https:\/\/oddleaf.net\/#\/schema\/logo\/image\/"},"sameAs":["https:\/\/www.facebook.com\/oddleaf.official\/","https:\/\/www.youtube.com\/@oddleaf-music","https:\/\/oddleaf.bandcamp.com\/","https:\/\/www.instagram.com\/oddleaf.music\/"]}]}},"_links":{"self":[{"href":"https:\/\/oddleaf.net\/fr\/wp-json\/wp\/v2\/pages\/776","targetHints":{"allow":["GET"]}}],"collection":[{"href":"https:\/\/oddleaf.net\/fr\/wp-json\/wp\/v2\/pages"}],"about":[{"href":"https:\/\/oddleaf.net\/fr\/wp-json\/wp\/v2\/types\/page"}],"author":[{"embeddable":true,"href":"https:\/\/oddleaf.net\/fr\/wp-json\/wp\/v2\/users\/1"}],"replies":[{"embeddable":true,"href":"https:\/\/oddleaf.net\/fr\/wp-json\/wp\/v2\/comments?post=776"}],"version-history":[{"count":0,"href":"https:\/\/oddleaf.net\/fr\/wp-json\/wp\/v2\/pages\/776\/revisions"}],"wp:attachment":[{"href":"https:\/\/oddleaf.net\/fr\/wp-json\/wp\/v2\/media?parent=776"}],"curies":[{"name":"wp","href":"https:\/\/api.w.org\/{rel}","templated":true}]}}